{"id":3655,"date":"2018-12-19T14:08:56","date_gmt":"2018-12-19T20:08:56","guid":{"rendered":"https:\/\/www.sos.org\/sos-global-2\/"},"modified":"2020-11-28T14:43:08","modified_gmt":"2020-11-28T20:43:08","slug":"sos-global","status":"publish","type":"page","link":"https:\/\/www.sos.org\/fr\/sos-global\/","title":{"rendered":"SOS Global"},"content":{"rendered":"<p>[et_pb_section fb_built=\u00a0\u00bb1&Prime; custom_padding_last_edited=\u00a0\u00bboff|desktop\u00a0\u00bb module_class=\u00a0\u00bbsos-recent-news-detail-section\u00a0\u00bb _builder_version=\u00a0\u00bb4.5.6&Prime; custom_padding_tablet=\u00a0\u00bb0px|0px|0px|0px\u00a0\u00bb][et_pb_row column_structure=\u00a0\u00bb1_2,1_2&Prime; _builder_version=\u00a0\u00bb4.5.6&Prime; background_size=\u00a0\u00bbinitial\u00a0\u00bb background_position=\u00a0\u00bbtop_left\u00a0\u00bb background_repeat=\u00a0\u00bbrepeat\u00a0\u00bb width=\u00a0\u00bb89%\u00a0\u00bb width_tablet=\u00a0\u00bb80%\u00a0\u00bb width_phone=\u00a0\u00bb\u00a0\u00bb width_last_edited=\u00a0\u00bbon|desktop\u00a0\u00bb max_width=\u00a0\u00bb89%\u00a0\u00bb max_width_tablet=\u00a0\u00bb80%\u00a0\u00bb max_width_phone=\u00a0\u00bb\u00a0\u00bb max_width_last_edited=\u00a0\u00bbon|desktop\u00a0\u00bb make_fullwidth=\u00a0\u00bbon\u00a0\u00bb][et_pb_column type=\u00a0\u00bb1_2&Prime; _builder_version=\u00a0\u00bb3.25&Prime; custom_padding=\u00a0\u00bb|||\u00a0\u00bb custom_padding__hover=\u00a0\u00bb|||\u00a0\u00bb][et_pb_sos_mod_recentnewspost truncate_content=\u00a0\u00bbon\u00a0\u00bb dynamic_post=\u00a0\u00bbon\u00a0\u00bb module_position=\u00a0\u00bbcenter\u00a0\u00bb admin_label=\u00a0\u00bbSOS Recent News Post\u00a0\u00bb _builder_version=\u00a0\u00bb3.19.9&Prime;][\/et_pb_sos_mod_recentnewspost][\/et_pb_column][et_pb_column type=\u00a0\u00bb1_2&Prime; _builder_version=\u00a0\u00bb3.25&Prime; custom_padding=\u00a0\u00bb|||\u00a0\u00bb custom_padding__hover=\u00a0\u00bb|||\u00a0\u00bb][sos_mod_recentnewsposts sos_list_module_header=\u00a0\u00bb \u00a0\u00bb posts_number=\u00a0\u00bb5&Prime; meta_date=\u00a0\u00bbF j, Y\u00a0\u00bb show_author=\u00a0\u00bboff\u00a0\u00bb show_categories=\u00a0\u00bboff\u00a0\u00bb module_class=\u00a0\u00bbsos-grey-bg\u00a0\u00bb _builder_version=\u00a0\u00bb3.29.3&Prime;][\/sos_mod_recentnewsposts][\/et_pb_column][\/et_pb_row][\/et_pb_section]<\/p>\n","protected":false},"excerpt":{"rendered":"<div class=\"et_pb_module sos_mod_recentnewsposts_0 sos-grey-bg et_pb_posts et_pb_bg_layout_light \">\n\t\t\t\t\n\t\t\t\t\n\t\t\t\t\n\t\t\t\t\n\t\t\t\t\n\t\t\t\t\n\t\t\t\t<div class=\"et_pb_module_inner\">\n\t\t\t\t\t<div class=\"et_pb_module sos_mod_recentnewsposts_0 sos-grey-bg et_pb_posts et_pb_bg_layout_light \">\n\t\t\t\t\t\t\n\t\t\t\t\t\t\n\t\t\t\t\t\t<div class=\"et_pb_ajax_pagination_container\">\n\t\t\t\t\t\t\t<div class=\"sos-recent-news-module-wrapper\">\n\t\t\t\t\t\t<div class=\"sos-recent-news-module-header\">\n\t\t\t\t\t\t\t<h4 class=\"sos-module-title\"> <\/h4>\n\t\t\t\t\t\t<\/div>\n\t\t\t\t\t\n\t\t\t\t\t<article id=\"post-249011\" class=\"et_pb_post sos-recent-news-article clearfix post-249011 recent-news type-recent-news status-publish has-post-thumbnail hentry\">\n\n\t\t\t\t\t\t\t\t\t\t\t<div class=\"sos-recent-news-post-wrapper\">\n\t\t\t\t\t\t\t<div class=\"sos-recent-news-post-image\">\n\t\t\t\t\t\t\t\t<a href=\"\/fr\/sos-global\/?post=se-rapprocher-de-dieu-grace-a-la-meditation\" class=\"entry-featured-image-url\">\n\t\t\t\t\t\t\t\t\t<img loading=\"lazy\" decoding=\"async\" src=\"https:\/\/www.sos.org\/wp-content\/uploads\/2024\/09\/conference-conclusion-3-1080x675.jpg\" alt=\"Se rapprocher de Dieu gr\u00e2ce \u00e0 la m\u00e9ditation\" class=\"\" width=\"1080\" height=\"675\" srcset=\"https:\/\/www.sos.org\/wp-content\/uploads\/2024\/09\/conference-conclusion-3-1080x675.jpg 1080w, https:\/\/www.sos.org\/wp-content\/uploads\/2024\/09\/conference-conclusion-3-980x653.jpg 980w, https:\/\/www.sos.org\/wp-content\/uploads\/2024\/09\/conference-conclusion-3-480x320.jpg 480w\" sizes=\"(min-width: 0px) and (max-width: 480px) 480px, (min-width: 481px) and (max-width: 980px) 980px, (min-width: 981px) 1080px, 100vw\" \/>\t\t\t\t\t\t\t\t\t\t\t\t\t\t\t\t\t<\/a>\n\t\t\t\t\t\t\t<\/div>\n\t\t\t\t\t\t\t<a href=\"\/fr\/sos-global\/?post=se-rapprocher-de-dieu-grace-a-la-meditation\">\n\t\t\t\t\t\t\t\t<div class=\"sos-recent-news-post-content\">\n\t\t\t\t\t\t\t\t\t<div class=\"sos-recent-news-post-date\">\n\t\t\t\t\t\t\t\t\t\t<p class=\"post-meta\"><span class=\"published\">septembre 20, 2024<\/span><\/p>\t\t\t\t\t\t\t\t\t<\/div>\n\t\t\t\t\t\t\t\t\t<div class=\"sos-recent-news-post-title\">\n\t\t\t\t\t\t\t\t\t\t<h4 class=\"entry-title\">\n\t\t\t\t\t\t\t\t\t\t\t\n\t\t\t\t\t\t\t\t\t\t\t\tSe rapprocher de Dieu gr\u00e2ce \u00e0 la m\u00e9ditation\t\t\t\t\t\t\t\t\t\t\t\n\t\t\t\t\t\t\t\t\t\t<\/h4>\n\t\t\t\t\t\t\t\t\t<\/div>\n\t\t\t\t\t\t\t\t<\/div>\n\t\t\t\t\t\t\t<\/a>\n\t\t\t\t\t\t\t<a href=\"\/fr\/sos-global\/?post=se-rapprocher-de-dieu-grace-a-la-meditation\">\n\t\t\t\t\t\t\t\t<div class=\"sos-recent-news-post-link-arrow\">\t\t\t\t\t\t\t\t\n\t\t\t\t\t\t\t\t\t\t&nbsp;\t\t\t\t\t\t\t\t\n\t\t\t\t\t\t\t\t<\/div>\n\t\t\t\t\t\t\t<\/a>\n\t\t\t\t\t\t<\/div>\n\t\t\t\t\t\t<div style=\"clear: both\"><\/div>\n\n\t\t\t\t\t<\/article> <!-- .et_pb_post -->\n\t\t\t\n\t\t\t\t\t<article id=\"post-248743\" class=\"et_pb_post sos-recent-news-article clearfix post-248743 recent-news type-recent-news status-publish has-post-thumbnail hentry\">\n\n\t\t\t\t\t\t\t\t\t\t\t<div class=\"sos-recent-news-post-wrapper\">\n\t\t\t\t\t\t\t<div class=\"sos-recent-news-post-image\">\n\t\t\t\t\t\t\t\t<a href=\"\/fr\/sos-global\/?post=meditation-la-retraite-interieure\" class=\"entry-featured-image-url\">\n\t\t\t\t\t\t\t\t\t<img loading=\"lazy\" decoding=\"async\" src=\"https:\/\/www.sos.org\/wp-content\/uploads\/2024\/08\/August-24-2024-1080x675.jpg\" alt=\"M\u00e9ditation : La retraite int\u00e9rieure\" class=\"\" width=\"1080\" height=\"675\" srcset=\"https:\/\/www.sos.org\/wp-content\/uploads\/2024\/08\/August-24-2024-1080x675.jpg 1080w, https:\/\/www.sos.org\/wp-content\/uploads\/2024\/08\/August-24-2024-980x653.jpg 980w, https:\/\/www.sos.org\/wp-content\/uploads\/2024\/08\/August-24-2024-480x320.jpg 480w\" sizes=\"(min-width: 0px) and (max-width: 480px) 480px, (min-width: 481px) and (max-width: 980px) 980px, (min-width: 981px) 1080px, 100vw\" \/>\t\t\t\t\t\t\t\t\t\t\t\t\t\t\t\t\t<\/a>\n\t\t\t\t\t\t\t<\/div>\n\t\t\t\t\t\t\t<a href=\"\/fr\/sos-global\/?post=meditation-la-retraite-interieure\">\n\t\t\t\t\t\t\t\t<div class=\"sos-recent-news-post-content\">\n\t\t\t\t\t\t\t\t\t<div class=\"sos-recent-news-post-date\">\n\t\t\t\t\t\t\t\t\t\t<p class=\"post-meta\"><span class=\"published\">ao\u00fbt 25, 2024<\/span><\/p>\t\t\t\t\t\t\t\t\t<\/div>\n\t\t\t\t\t\t\t\t\t<div class=\"sos-recent-news-post-title\">\n\t\t\t\t\t\t\t\t\t\t<h4 class=\"entry-title\">\n\t\t\t\t\t\t\t\t\t\t\t\n\t\t\t\t\t\t\t\t\t\t\t\tM\u00e9ditation : La retraite int\u00e9rieure\t\t\t\t\t\t\t\t\t\t\t\n\t\t\t\t\t\t\t\t\t\t<\/h4>\n\t\t\t\t\t\t\t\t\t<\/div>\n\t\t\t\t\t\t\t\t<\/div>\n\t\t\t\t\t\t\t<\/a>\n\t\t\t\t\t\t\t<a href=\"\/fr\/sos-global\/?post=meditation-la-retraite-interieure\">\n\t\t\t\t\t\t\t\t<div class=\"sos-recent-news-post-link-arrow\">\t\t\t\t\t\t\t\t\n\t\t\t\t\t\t\t\t\t\t&nbsp;\t\t\t\t\t\t\t\t\n\t\t\t\t\t\t\t\t<\/div>\n\t\t\t\t\t\t\t<\/a>\n\t\t\t\t\t\t<\/div>\n\t\t\t\t\t\t<div style=\"clear: both\"><\/div>\n\n\t\t\t\t\t<\/article> <!-- .et_pb_post -->\n\t\t\t\n\t\t\t\t\t<article id=\"post-248742\" class=\"et_pb_post sos-recent-news-article clearfix post-248742 recent-news type-recent-news status-publish has-post-thumbnail hentry\">\n\n\t\t\t\t\t\t\t\t\t\t\t<div class=\"sos-recent-news-post-wrapper\">\n\t\t\t\t\t\t\t<div class=\"sos-recent-news-post-image\">\n\t\t\t\t\t\t\t\t<a href=\"\/fr\/sos-global\/?post=meditation-for-health-and-happiness\" class=\"entry-featured-image-url\">\n\t\t\t\t\t\t\t\t\t<img loading=\"lazy\" decoding=\"async\" src=\"https:\/\/www.sos.org\/wp-content\/uploads\/2024\/08\/August-12-Veggie-Fest-Talk-1080x675.jpg\" alt=\"La m\u00e9ditation pour la sant\u00e9 et le bonheur\" class=\"\" width=\"1080\" height=\"675\" srcset=\"https:\/\/www.sos.org\/wp-content\/uploads\/2024\/08\/August-12-Veggie-Fest-Talk-1080x675.jpg 1080w, https:\/\/www.sos.org\/wp-content\/uploads\/2024\/08\/August-12-Veggie-Fest-Talk-980x653.jpg 980w, https:\/\/www.sos.org\/wp-content\/uploads\/2024\/08\/August-12-Veggie-Fest-Talk-480x320.jpg 480w\" sizes=\"(min-width: 0px) and (max-width: 480px) 480px, (min-width: 481px) and (max-width: 980px) 980px, (min-width: 981px) 1080px, 100vw\" \/>\t\t\t\t\t\t\t\t\t\t\t\t\t\t\t\t\t<\/a>\n\t\t\t\t\t\t\t<\/div>\n\t\t\t\t\t\t\t<a href=\"\/fr\/sos-global\/?post=meditation-for-health-and-happiness\">\n\t\t\t\t\t\t\t\t<div class=\"sos-recent-news-post-content\">\n\t\t\t\t\t\t\t\t\t<div class=\"sos-recent-news-post-date\">\n\t\t\t\t\t\t\t\t\t\t<p class=\"post-meta\"><span class=\"published\">ao\u00fbt 12, 2024<\/span><\/p>\t\t\t\t\t\t\t\t\t<\/div>\n\t\t\t\t\t\t\t\t\t<div class=\"sos-recent-news-post-title\">\n\t\t\t\t\t\t\t\t\t\t<h4 class=\"entry-title\">\n\t\t\t\t\t\t\t\t\t\t\t\n\t\t\t\t\t\t\t\t\t\t\t\tLa m\u00e9ditation pour la sant\u00e9 et le bonheur\t\t\t\t\t\t\t\t\t\t\t\n\t\t\t\t\t\t\t\t\t\t<\/h4>\n\t\t\t\t\t\t\t\t\t<\/div>\n\t\t\t\t\t\t\t\t<\/div>\n\t\t\t\t\t\t\t<\/a>\n\t\t\t\t\t\t\t<a href=\"\/fr\/sos-global\/?post=meditation-for-health-and-happiness\">\n\t\t\t\t\t\t\t\t<div class=\"sos-recent-news-post-link-arrow\">\t\t\t\t\t\t\t\t\n\t\t\t\t\t\t\t\t\t\t&nbsp;\t\t\t\t\t\t\t\t\n\t\t\t\t\t\t\t\t<\/div>\n\t\t\t\t\t\t\t<\/a>\n\t\t\t\t\t\t<\/div>\n\t\t\t\t\t\t<div style=\"clear: both\"><\/div>\n\n\t\t\t\t\t<\/article> <!-- .et_pb_post -->\n\t\t\t\n\t\t\t\t\t<article id=\"post-248741\" class=\"et_pb_post sos-recent-news-article clearfix post-248741 recent-news type-recent-news status-publish has-post-thumbnail hentry\">\n\n\t\t\t\t\t\t\t\t\t\t\t<div class=\"sos-recent-news-post-wrapper\">\n\t\t\t\t\t\t\t<div class=\"sos-recent-news-post-image\">\n\t\t\t\t\t\t\t\t<a href=\"\/fr\/sos-global\/?post=la-vie-est-merveilleuse-quand-on-choisit-dieu\" class=\"entry-featured-image-url\">\n\t\t\t\t\t\t\t\t\t<img loading=\"lazy\" decoding=\"async\" src=\"https:\/\/www.sos.org\/wp-content\/uploads\/2024\/08\/August-4-Sant-Rajinder-Singh-1-1080x675.jpg\" alt=\"La vie est merveilleuse quand on choisit Dieu\" class=\"\" width=\"1080\" height=\"675\" srcset=\"https:\/\/www.sos.org\/wp-content\/uploads\/2024\/08\/August-4-Sant-Rajinder-Singh-1-1080x675.jpg 1080w, https:\/\/www.sos.org\/wp-content\/uploads\/2024\/08\/August-4-Sant-Rajinder-Singh-1-980x653.jpg 980w, https:\/\/www.sos.org\/wp-content\/uploads\/2024\/08\/August-4-Sant-Rajinder-Singh-1-480x320.jpg 480w\" sizes=\"(min-width: 0px) and (max-width: 480px) 480px, (min-width: 481px) and (max-width: 980px) 980px, (min-width: 981px) 1080px, 100vw\" \/>\t\t\t\t\t\t\t\t\t\t\t\t\t\t\t\t\t<\/a>\n\t\t\t\t\t\t\t<\/div>\n\t\t\t\t\t\t\t<a href=\"\/fr\/sos-global\/?post=la-vie-est-merveilleuse-quand-on-choisit-dieu\">\n\t\t\t\t\t\t\t\t<div class=\"sos-recent-news-post-content\">\n\t\t\t\t\t\t\t\t\t<div class=\"sos-recent-news-post-date\">\n\t\t\t\t\t\t\t\t\t\t<p class=\"post-meta\"><span class=\"published\">ao\u00fbt 4, 2024<\/span><\/p>\t\t\t\t\t\t\t\t\t<\/div>\n\t\t\t\t\t\t\t\t\t<div class=\"sos-recent-news-post-title\">\n\t\t\t\t\t\t\t\t\t\t<h4 class=\"entry-title\">\n\t\t\t\t\t\t\t\t\t\t\t\n\t\t\t\t\t\t\t\t\t\t\t\tLa vie est merveilleuse quand on choisit Dieu\t\t\t\t\t\t\t\t\t\t\t\n\t\t\t\t\t\t\t\t\t\t<\/h4>\n\t\t\t\t\t\t\t\t\t<\/div>\n\t\t\t\t\t\t\t\t<\/div>\n\t\t\t\t\t\t\t<\/a>\n\t\t\t\t\t\t\t<a href=\"\/fr\/sos-global\/?post=la-vie-est-merveilleuse-quand-on-choisit-dieu\">\n\t\t\t\t\t\t\t\t<div class=\"sos-recent-news-post-link-arrow\">\t\t\t\t\t\t\t\t\n\t\t\t\t\t\t\t\t\t\t&nbsp;\t\t\t\t\t\t\t\t\n\t\t\t\t\t\t\t\t<\/div>\n\t\t\t\t\t\t\t<\/a>\n\t\t\t\t\t\t<\/div>\n\t\t\t\t\t\t<div style=\"clear: both\"><\/div>\n\n\t\t\t\t\t<\/article> <!-- .et_pb_post -->\n\t\t\t\n\t\t\t\t\t<article id=\"post-248740\" class=\"et_pb_post sos-recent-news-article clearfix post-248740 recent-news type-recent-news status-publish has-post-thumbnail hentry\">\n\n\t\t\t\t\t\t\t\t\t\t\t<div class=\"sos-recent-news-post-wrapper\">\n\t\t\t\t\t\t\t<div class=\"sos-recent-news-post-image\">\n\t\t\t\t\t\t\t\t<a href=\"\/fr\/sos-global\/?post=sancrer-en-dieu\" class=\"entry-featured-image-url\">\n\t\t\t\t\t\t\t\t\t<img loading=\"lazy\" decoding=\"async\" src=\"https:\/\/www.sos.org\/wp-content\/uploads\/2024\/01\/January-22-2024-1080x675.jpg\" alt=\"S&rsquo;ancrer en Dieu\" class=\"\" width=\"1080\" height=\"675\" srcset=\"https:\/\/www.sos.org\/wp-content\/uploads\/2024\/01\/January-22-2024-1080x675.jpg 1080w, https:\/\/www.sos.org\/wp-content\/uploads\/2024\/01\/January-22-2024-980x653.jpg 980w, https:\/\/www.sos.org\/wp-content\/uploads\/2024\/01\/January-22-2024-480x320.jpg 480w\" sizes=\"(min-width: 0px) and (max-width: 480px) 480px, (min-width: 481px) and (max-width: 980px) 980px, (min-width: 981px) 1080px, 100vw\" \/>\t\t\t\t\t\t\t\t\t\t\t\t\t\t\t\t\t<\/a>\n\t\t\t\t\t\t\t<\/div>\n\t\t\t\t\t\t\t<a href=\"\/fr\/sos-global\/?post=sancrer-en-dieu\">\n\t\t\t\t\t\t\t\t<div class=\"sos-recent-news-post-content\">\n\t\t\t\t\t\t\t\t\t<div class=\"sos-recent-news-post-date\">\n\t\t\t\t\t\t\t\t\t\t<p class=\"post-meta\"><span class=\"published\">juillet 14, 2024<\/span><\/p>\t\t\t\t\t\t\t\t\t<\/div>\n\t\t\t\t\t\t\t\t\t<div class=\"sos-recent-news-post-title\">\n\t\t\t\t\t\t\t\t\t\t<h4 class=\"entry-title\">\n\t\t\t\t\t\t\t\t\t\t\t\n\t\t\t\t\t\t\t\t\t\t\t\tS&rsquo;ancrer en Dieu\t\t\t\t\t\t\t\t\t\t\t\n\t\t\t\t\t\t\t\t\t\t<\/h4>\n\t\t\t\t\t\t\t\t\t<\/div>\n\t\t\t\t\t\t\t\t<\/div>\n\t\t\t\t\t\t\t<\/a>\n\t\t\t\t\t\t\t<a href=\"\/fr\/sos-global\/?post=sancrer-en-dieu\">\n\t\t\t\t\t\t\t\t<div class=\"sos-recent-news-post-link-arrow\">\t\t\t\t\t\t\t\t\n\t\t\t\t\t\t\t\t\t\t&nbsp;\t\t\t\t\t\t\t\t\n\t\t\t\t\t\t\t\t<\/div>\n\t\t\t\t\t\t\t<\/a>\n\t\t\t\t\t\t<\/div>\n\t\t\t\t\t\t<div style=\"clear: both\"><\/div>\n\n\t\t\t\t\t<\/article> <!-- .et_pb_post -->\n\t\t\t<\/div><!-- .sos-recent-news-module-wrapper --><div class='wp-pagenavi' role='navigation'>\n<span aria-current='page' class='current'>1<\/span><a class=\"page larger\" title=\"Page 2\" href=\"https:\/\/www.sos.org\/fr\/wp-json\/wp\/v2\/pages\/3655\/page\/2\/\">2<\/a><a class=\"page larger\" title=\"Page 3\" href=\"https:\/\/www.sos.org\/fr\/wp-json\/wp\/v2\/pages\/3655\/page\/3\/\">3<\/a><a class=\"page larger\" title=\"Page 4\" href=\"https:\/\/www.sos.org\/fr\/wp-json\/wp\/v2\/pages\/3655\/page\/4\/\">4<\/a><a class=\"page larger\" title=\"Page 5\" href=\"https:\/\/www.sos.org\/fr\/wp-json\/wp\/v2\/pages\/3655\/page\/5\/\">5<\/a><span class='extend'>.<\/span><a class=\"larger page\" title=\"Page 10\" href=\"https:\/\/www.sos.org\/fr\/wp-json\/wp\/v2\/pages\/3655\/page\/10\/\">10<\/a><span class='extend'>.<\/span><a class=\"nextpostslink\" rel=\"next\" aria-label=\"Page suivante\" href=\"https:\/\/www.sos.org\/fr\/wp-json\/wp\/v2\/pages\/3655\/page\/2\/\">Next<\/a><a class=\"last\" aria-label=\"Last Page\" href=\"https:\/\/www.sos.org\/fr\/wp-json\/wp\/v2\/pages\/3655\/page\/54\/\">Last<\/a>\n<\/div><\/div> <!-- .et_pb_posts -->\n\t\t\t\t\t\t<\/div>\n\t\t\t\t\t\t \n\t\t\t\t<\/div>\n\t\t\t<\/div>\n","protected":false},"author":3,"featured_media":0,"parent":0,"menu_order":0,"comment_status":"closed","ping_status":"closed","template":"","meta":{"_acf_changed":false,"_et_pb_use_builder":"on","_et_pb_old_content":"","_et_gb_content_width":"","footnotes":""},"folder":[],"class_list":["post-3655","page","type-page","status-publish","hentry"],"acf":[],"yoast_head":"<!-- This site is optimized with the Yoast SEO plugin v27.0 - https:\/\/yoast.com\/product\/yoast-seo-wordpress\/ -->\n<title>SOS Global | Science of Spirituality<\/title>\n<meta name=\"robots\" content=\"index, follow, max-snippet:-1, max-image-preview:large, max-video-preview:-1\" \/>\n<link rel=\"canonical\" href=\"https:\/\/www.sos.org\/fr\/sos-global\/\" \/>\n<meta property=\"og:locale\" content=\"fr_FR\" \/>\n<meta property=\"og:type\" content=\"article\" \/>\n<meta property=\"og:title\" content=\"SOS Global | Science of Spirituality\" \/>\n<meta property=\"og:url\" content=\"https:\/\/www.sos.org\/fr\/sos-global\/\" \/>\n<meta property=\"og:site_name\" content=\"Science of Spirituality\" \/>\n<meta property=\"article:publisher\" content=\"https:\/\/www.facebook.com\/SOS.Global\/\" \/>\n<meta property=\"article:modified_time\" content=\"2020-11-28T20:43:08+00:00\" \/>\n<meta name=\"twitter:card\" content=\"summary_large_image\" \/>\n<meta name=\"twitter:description\" content=\"[sos_mod_recentnewsposts sos_list_module_header=&quot; &quot; posts_number=&quot;5&quot; meta_date=&quot;F j, Y&quot; show_author=&quot;off&quot; show_categories=&quot;off&quot; module_class=&quot;sos-grey-bg&quot; _builder_version=&quot;3.29.3&quot;][\/sos_mod_recentnewsposts]\" \/>\n<meta name=\"twitter:site\" content=\"@sosmeditate\" \/>\n<meta name=\"twitter:label1\" content=\"Dur\u00e9e de lecture estim\u00e9e\" \/>\n\t<meta name=\"twitter:data1\" content=\"1 minute\" \/>\n<script type=\"application\/ld+json\" class=\"yoast-schema-graph\">{\"@context\":\"https:\/\/schema.org\",\"@graph\":[{\"@type\":\"WebPage\",\"@id\":\"https:\/\/www.sos.org\/fr\/sos-global\/\",\"url\":\"https:\/\/www.sos.org\/fr\/sos-global\/\",\"name\":\"SOS Global | Science of Spirituality\",\"isPartOf\":{\"@id\":\"https:\/\/www.sos.org\/fr\/#website\"},\"datePublished\":\"2018-12-19T20:08:56+00:00\",\"dateModified\":\"2020-11-28T20:43:08+00:00\",\"breadcrumb\":{\"@id\":\"https:\/\/www.sos.org\/fr\/sos-global\/#breadcrumb\"},\"inLanguage\":\"fr-FR\",\"potentialAction\":[{\"@type\":\"ReadAction\",\"target\":[\"https:\/\/www.sos.org\/fr\/sos-global\/\"]}]},{\"@type\":\"BreadcrumbList\",\"@id\":\"https:\/\/www.sos.org\/fr\/sos-global\/#breadcrumb\",\"itemListElement\":[{\"@type\":\"ListItem\",\"position\":1,\"name\":\"Home\",\"item\":\"https:\/\/www.sos.org\/fr\/\"},{\"@type\":\"ListItem\",\"position\":2,\"name\":\"SOS Global\"}]},{\"@type\":\"WebSite\",\"@id\":\"https:\/\/www.sos.org\/fr\/#website\",\"url\":\"https:\/\/www.sos.org\/fr\/\",\"name\":\"Science of Spirituality\",\"description\":\"SOS\",\"publisher\":{\"@id\":\"https:\/\/www.sos.org\/fr\/#organization\"},\"potentialAction\":[{\"@type\":\"SearchAction\",\"target\":{\"@type\":\"EntryPoint\",\"urlTemplate\":\"https:\/\/www.sos.org\/fr\/?s={search_term_string}\"},\"query-input\":{\"@type\":\"PropertyValueSpecification\",\"valueRequired\":true,\"valueName\":\"search_term_string\"}}],\"inLanguage\":\"fr-FR\"},{\"@type\":\"Organization\",\"@id\":\"https:\/\/www.sos.org\/fr\/#organization\",\"name\":\"Science of Sprituality\",\"url\":\"https:\/\/www.sos.org\/fr\/\",\"logo\":{\"@type\":\"ImageObject\",\"inLanguage\":\"fr-FR\",\"@id\":\"https:\/\/www.sos.org\/fr\/#\/schema\/logo\/image\/\",\"url\":\"https:\/\/www.sos.org\/wp-content\/uploads\/2020\/01\/sos_logo.png\",\"contentUrl\":\"https:\/\/www.sos.org\/wp-content\/uploads\/2020\/01\/sos_logo.png\",\"width\":153,\"height\":109,\"caption\":\"Science of Sprituality\"},\"image\":{\"@id\":\"https:\/\/www.sos.org\/fr\/#\/schema\/logo\/image\/\"},\"sameAs\":[\"https:\/\/www.facebook.com\/SOS.Global\/\",\"https:\/\/x.com\/sosmeditate\",\"https:\/\/www.instagram.com\/science.of.spirituality\/\",\"https:\/\/www.youtube.com\/c\/SantRajinderSinghJiMaharaj\",\"https:\/\/en.wikipedia.org\/wiki\/Science_of_Spirituality\"]}]}<\/script>\n<!-- \/ Yoast SEO plugin. -->","yoast_head_json":{"title":"SOS Global | Science of Spirituality","robots":{"index":"index","follow":"follow","max-snippet":"max-snippet:-1","max-image-preview":"max-image-preview:large","max-video-preview":"max-video-preview:-1"},"canonical":"https:\/\/www.sos.org\/fr\/sos-global\/","og_locale":"fr_FR","og_type":"article","og_title":"SOS Global | Science of Spirituality","og_url":"https:\/\/www.sos.org\/fr\/sos-global\/","og_site_name":"Science of Spirituality","article_publisher":"https:\/\/www.facebook.com\/SOS.Global\/","article_modified_time":"2020-11-28T20:43:08+00:00","twitter_card":"summary_large_image","twitter_description":"[sos_mod_recentnewsposts sos_list_module_header=\" \" posts_number=\"5\" meta_date=\"F j, Y\" show_author=\"off\" show_categories=\"off\" module_class=\"sos-grey-bg\" _builder_version=\"3.29.3\"][\/sos_mod_recentnewsposts]","twitter_site":"@sosmeditate","twitter_misc":{"Dur\u00e9e de lecture estim\u00e9e":"1 minute"},"schema":{"@context":"https:\/\/schema.org","@graph":[{"@type":"WebPage","@id":"https:\/\/www.sos.org\/fr\/sos-global\/","url":"https:\/\/www.sos.org\/fr\/sos-global\/","name":"SOS Global | Science of Spirituality","isPartOf":{"@id":"https:\/\/www.sos.org\/fr\/#website"},"datePublished":"2018-12-19T20:08:56+00:00","dateModified":"2020-11-28T20:43:08+00:00","breadcrumb":{"@id":"https:\/\/www.sos.org\/fr\/sos-global\/#breadcrumb"},"inLanguage":"fr-FR","potentialAction":[{"@type":"ReadAction","target":["https:\/\/www.sos.org\/fr\/sos-global\/"]}]},{"@type":"BreadcrumbList","@id":"https:\/\/www.sos.org\/fr\/sos-global\/#breadcrumb","itemListElement":[{"@type":"ListItem","position":1,"name":"Home","item":"https:\/\/www.sos.org\/fr\/"},{"@type":"ListItem","position":2,"name":"SOS Global"}]},{"@type":"WebSite","@id":"https:\/\/www.sos.org\/fr\/#website","url":"https:\/\/www.sos.org\/fr\/","name":"Science of Spirituality","description":"SOS","publisher":{"@id":"https:\/\/www.sos.org\/fr\/#organization"},"potentialAction":[{"@type":"SearchAction","target":{"@type":"EntryPoint","urlTemplate":"https:\/\/www.sos.org\/fr\/?s={search_term_string}"},"query-input":{"@type":"PropertyValueSpecification","valueRequired":true,"valueName":"search_term_string"}}],"inLanguage":"fr-FR"},{"@type":"Organization","@id":"https:\/\/www.sos.org\/fr\/#organization","name":"Science of Sprituality","url":"https:\/\/www.sos.org\/fr\/","logo":{"@type":"ImageObject","inLanguage":"fr-FR","@id":"https:\/\/www.sos.org\/fr\/#\/schema\/logo\/image\/","url":"https:\/\/www.sos.org\/wp-content\/uploads\/2020\/01\/sos_logo.png","contentUrl":"https:\/\/www.sos.org\/wp-content\/uploads\/2020\/01\/sos_logo.png","width":153,"height":109,"caption":"Science of Sprituality"},"image":{"@id":"https:\/\/www.sos.org\/fr\/#\/schema\/logo\/image\/"},"sameAs":["https:\/\/www.facebook.com\/SOS.Global\/","https:\/\/x.com\/sosmeditate","https:\/\/www.instagram.com\/science.of.spirituality\/","https:\/\/www.youtube.com\/c\/SantRajinderSinghJiMaharaj","https:\/\/en.wikipedia.org\/wiki\/Science_of_Spirituality"]}]}},"_links":{"self":[{"href":"https:\/\/www.sos.org\/fr\/wp-json\/wp\/v2\/pages\/3655","targetHints":{"allow":["GET"]}}],"collection":[{"href":"https:\/\/www.sos.org\/fr\/wp-json\/wp\/v2\/pages"}],"about":[{"href":"https:\/\/www.sos.org\/fr\/wp-json\/wp\/v2\/types\/page"}],"author":[{"embeddable":true,"href":"https:\/\/www.sos.org\/fr\/wp-json\/wp\/v2\/users\/3"}],"replies":[{"embeddable":true,"href":"https:\/\/www.sos.org\/fr\/wp-json\/wp\/v2\/comments?post=3655"}],"version-history":[{"count":5,"href":"https:\/\/www.sos.org\/fr\/wp-json\/wp\/v2\/pages\/3655\/revisions"}],"predecessor-version":[{"id":45652,"href":"https:\/\/www.sos.org\/fr\/wp-json\/wp\/v2\/pages\/3655\/revisions\/45652"}],"wp:attachment":[{"href":"https:\/\/www.sos.org\/fr\/wp-json\/wp\/v2\/media?parent=3655"}],"wp:term":[{"taxonomy":"folder","embeddable":true,"href":"https:\/\/www.sos.org\/fr\/wp-json\/wp\/v2\/folder?post=3655"}],"curies":[{"name":"wp","href":"https:\/\/api.w.org\/{rel}","templated":true}]}}