{"id":3664,"date":"2018-08-04T07:28:46","date_gmt":"2018-08-04T12:28:46","guid":{"rendered":"https:\/\/www.sos.org\/articles-2\/"},"modified":"2020-11-28T15:17:27","modified_gmt":"2020-11-28T21:17:27","slug":"articles","status":"publish","type":"page","link":"https:\/\/www.sos.org\/fr\/articles\/","title":{"rendered":"Articles"},"content":{"rendered":"<p>[et_pb_section fb_built=\u00a0\u00bb1&Prime; module_class=\u00a0\u00bbsos-marble-bg\u00a0\u00bb _builder_version=\u00a0\u00bb3.22&Prime;][et_pb_row _builder_version=\u00a0\u00bb3.25&Prime; background_size=\u00a0\u00bbinitial\u00a0\u00bb background_position=\u00a0\u00bbtop_left\u00a0\u00bb background_repeat=\u00a0\u00bbrepeat\u00a0\u00bb][et_pb_column type=\u00a0\u00bb4_4&Prime; _builder_version=\u00a0\u00bb3.25&Prime; custom_padding=\u00a0\u00bb|||\u00a0\u00bb custom_padding__hover=\u00a0\u00bb|||\u00a0\u00bb][et_pb_text _builder_version=\u00a0\u00bb3.27.4&Prime;]<\/p>\n<h1 class=\"sos-uj-page-title\" style=\"text-align: center;\">Les articles<\/h1>\n<p>[\/et_pb_text][et_pb_blog fullwidth=\u00a0\u00bboff\u00a0\u00bb posts_number=\u00a0\u00bb100&Prime; include_categories=\u00a0\u00bb28,14,20,43,44,34,30,32,1&Prime; show_author=\u00a0\u00bboff\u00a0\u00bb show_date=\u00a0\u00bboff\u00a0\u00bb show_categories=\u00a0\u00bboff\u00a0\u00bb use_overlay=\u00a0\u00bbon\u00a0\u00bb overlay_icon_color=\u00a0\u00bb#ffffff\u00a0\u00bb hover_overlay_color=\u00a0\u00bbrgba(150,135,67,0.7)\u00a0\u00bb hover_icon=\u00a0\u00bb%%24%%\u00a0\u00bb module_class=\u00a0\u00bbsos-article-only-grid\u00a0\u00bb _builder_version=\u00a0\u00bb3.9&Prime;][\/et_pb_blog][\/et_pb_column][\/et_pb_row][\/et_pb_section][et_pb_section fb_built=\u00a0\u00bb1&Prime; disabled_on=\u00a0\u00bbon|off|off\u00a0\u00bb _builder_version=\u00a0\u00bb3.26.4&Prime; background_color=\u00a0\u00bb#e1b93b\u00a0\u00bb background_image=\u00a0\u00bbhttps:\/\/www.sos.org\/wp-content\/uploads\/2018\/07\/footer-08.jpg\u00a0\u00bb custom_padding=\u00a0\u00bb35px|0px|35px|0px|false|false\u00a0\u00bb global_module=\u00a0\u00bb403&Prime; saved_tabs=\u00a0\u00bball\u00a0\u00bb collapsed=\u00a0\u00bboff\u00a0\u00bb][et_pb_row column_structure=\u00a0\u00bb1_4,1_4,1_4,1_4&Prime; make_equal=\u00a0\u00bbon\u00a0\u00bb module_class=\u00a0\u00bbsos-expanded-footer\u00a0\u00bb _builder_version=\u00a0\u00bb3.25&Prime;][et_pb_column type=\u00a0\u00bb1_4&Prime; _builder_version=\u00a0\u00bb3.25&Prime; custom_padding=\u00a0\u00bb|||\u00a0\u00bb custom_padding__hover=\u00a0\u00bb|||\u00a0\u00bb][et_pb_text admin_label=\u00a0\u00bbMeditation\u00a0\u00bb _builder_version=\u00a0\u00bb3.27.4&Prime; text_font=\u00a0\u00bbNunito|600|||||||\u00a0\u00bb text_text_color=\u00a0\u00bb#968743&Prime; text_font_size=\u00a0\u00bb13px\u00a0\u00bb header_font=\u00a0\u00bbNunito||||||||\u00a0\u00bb header_5_font=\u00a0\u00bbNunito|600|||||||\u00a0\u00bb header_6_font=\u00a0\u00bbNunito|600|||||||\u00a0\u00bb]<\/p>\n<h3>M\u00e9ditation<\/h3>\n<p><a title=\"Le d\u00e9veloppement spirituel\" href=\"https:\/\/www.sos.org\/fr\/spiritual-growth\/\">Le d\u00e9veloppement spirituel<\/a><\/p>\n<p><a title=\"Les bienfaits d\u2019un guide spirituel\" href=\"https:\/\/www.sos.org\/fr\/spiritual-guide\/\">Les bienfaits d\u2019un guide spirituel<\/a><\/p>\n<p><a title=\"Les bienfaits pour la sant\u00e9\" href=\"\/fr\/benefits-of-meditation\/\">Les bienfaits pour la sant\u00e9<\/a><\/p>\n<p><a title=\"Une vie saine\" href=\"https:\/\/www.sos.org\/fr\/vegetarian-diet-and-vegetarian-meals\/\">Une vie saine<\/a><\/p>\n<p>[\/et_pb_text][\/et_pb_column][et_pb_column type=\u00a0\u00bb1_4&Prime; _builder_version=\u00a0\u00bb3.25&Prime; custom_padding=\u00a0\u00bb|||\u00a0\u00bb custom_padding__hover=\u00a0\u00bb|||\u00a0\u00bb][et_pb_text admin_label=\u00a0\u00bbAbout Us\u00a0\u00bb _builder_version=\u00a0\u00bb3.27.4&Prime; text_font=\u00a0\u00bbNunito|600|||||||\u00a0\u00bb text_text_color=\u00a0\u00bb#968743&Prime; text_font_size=\u00a0\u00bb17px\u00a0\u00bb header_font=\u00a0\u00bbNunito||||||||\u00a0\u00bb header_5_font=\u00a0\u00bbNunito|600|||||||\u00a0\u00bb header_6_font=\u00a0\u00bbNunito|600|||||||\u00a0\u00bb custom_margin=\u00a0\u00bb|||\u00a0\u00bb]<\/p>\n<h3>Qui sommes nous<\/h3>\n<p><a title=\"Notre organisation\" href=\"https:\/\/www.sos.org\/fr\/about-us\/\">Notre organisation<\/a><\/p>\n<p><a title=\"Centre de m\u00e9ditation international\" href=\"https:\/\/www.sos.org\/fr\/western-headquarters\/\">Centre de m\u00e9ditation international<\/a><\/p>\n<p>[\/et_pb_text][\/et_pb_column][et_pb_column type=\u00a0\u00bb1_4&Prime; _builder_version=\u00a0\u00bb3.25&Prime; custom_padding=\u00a0\u00bb|||\u00a0\u00bb custom_padding__hover=\u00a0\u00bb|||\u00a0\u00bb][et_pb_text admin_label=\u00a0\u00bbExplore\u00a0\u00bb _builder_version=\u00a0\u00bb3.27.4&Prime; text_font=\u00a0\u00bbNunito|600|||||||\u00a0\u00bb text_text_color=\u00a0\u00bb#968743&Prime; text_font_size=\u00a0\u00bb17px\u00a0\u00bb header_font=\u00a0\u00bbNunito||||||||\u00a0\u00bb header_5_font=\u00a0\u00bbNunito|600|||||||\u00a0\u00bb header_6_font=\u00a0\u00bbNunito|600|||||||\u00a0\u00bb]<\/p>\n<h3>Explorer<\/h3>\n<p><a title=\"Les articles\" href=\"\/fr\/articles\/\">Les articles<\/a><\/p>\n<p><a title=\"Les vid\u00e9os\" href=\"\/fr\/videos\/\">Les vid\u00e9os<\/a><\/p>\n<p>[\/et_pb_text][\/et_pb_column][et_pb_column type=\u00a0\u00bb1_4&Prime; _builder_version=\u00a0\u00bb3.25&Prime; custom_padding=\u00a0\u00bb|||\u00a0\u00bb custom_padding__hover=\u00a0\u00bb|||\u00a0\u00bb][et_pb_text admin_label=\u00a0\u00bbMore\u00a0\u00bb _builder_version=\u00a0\u00bb3.27.4&Prime; text_font=\u00a0\u00bbNunito|600|||||||\u00a0\u00bb text_text_color=\u00a0\u00bb#968743&Prime; text_font_size=\u00a0\u00bb17px\u00a0\u00bb header_font=\u00a0\u00bbNunito||||||||\u00a0\u00bb header_5_font=\u00a0\u00bbNunito|600|||||||\u00a0\u00bb header_6_font=\u00a0\u00bbNunito|600|||||||\u00a0\u00bb]<\/p>\n<h3>Suite<\/h3>\n<p><a title=\"Guide spirituel\" href=\"https:\/\/www.sos.org\/fr\/spiritual-guide\/\">Guide spirituel<\/a><\/p>\n<p><a title=\"Trouver des programmes\" href=\"\/fr\/find-programs\/\">Trouver des programmes<\/a><\/p>\n<p><a title=\"Se connecter \" href=\"\/fr\/contact-us\/\">Se connecter <\/a><\/p>\n<p><a title=\"Politique de confidentialit\u00e9\" href=\"\/fr\/privacy-policy\/\">Politique de confidentialit\u00e9<\/a><\/p>\n<p>[\/et_pb_text][\/et_pb_column][\/et_pb_row][\/et_pb_section]<\/p>\n","protected":false},"excerpt":{"rendered":"<p>Les articles M\u00e9ditation Le d\u00e9veloppement spirituel Les bienfaits d\u2019un guide spirituel Les bienfaits pour la sant\u00e9 Une vie saine Qui sommes nous Notre organisation Centre de m\u00e9ditation international Explorer Les articles Les vid\u00e9os Suite Guide spirituel Trouver des programmes Se connecter Politique de confidentialit\u00e9<\/p>\n","protected":false},"author":1,"featured_media":0,"parent":0,"menu_order":0,"comment_status":"closed","ping_status":"closed","template":"","meta":{"_acf_changed":false,"_et_pb_use_builder":"on","_et_pb_old_content":"","_et_gb_content_width":"","footnotes":""},"folder":[],"class_list":["post-3664","page","type-page","status-publish","hentry"],"acf":[],"yoast_head":"<!-- This site is optimized with the Yoast SEO plugin v27.0 - https:\/\/yoast.com\/product\/yoast-seo-wordpress\/ -->\n<title>Articles | Spirituality | Benefits of Meditation | Vegetarian Lifestyle |Finding Happiness &amp; Peace<\/title>\n<meta name=\"description\" content=\"Articles about,spirituality,meditation &amp; its benefits,vegetarian lifestyle,finding happiness &amp; peace,how to control anger,finding our true purpose,letting go,finding good in everything &amp; many more relvant topics\" \/>\n<meta name=\"robots\" content=\"index, follow, max-snippet:-1, max-image-preview:large, max-video-preview:-1\" \/>\n<link rel=\"canonical\" href=\"https:\/\/www.sos.org\/fr\/articles\/\" \/>\n<meta property=\"og:locale\" content=\"fr_FR\" \/>\n<meta property=\"og:type\" content=\"article\" \/>\n<meta property=\"og:title\" content=\"Articles | Spirituality | Benefits of Meditation | Vegetarian Lifestyle |Finding Happiness &amp; Peace\" \/>\n<meta property=\"og:description\" content=\"Articles about,spirituality,meditation &amp; its benefits,vegetarian lifestyle,finding happiness &amp; peace,how to control anger,finding our true purpose,letting go,finding good in everything &amp; many more relvant topics\" \/>\n<meta property=\"og:url\" content=\"https:\/\/www.sos.org\/fr\/articles\/\" \/>\n<meta property=\"og:site_name\" content=\"Science of Spirituality\" \/>\n<meta property=\"article:publisher\" content=\"https:\/\/www.facebook.com\/SOS.Global\/\" \/>\n<meta property=\"article:modified_time\" content=\"2020-11-28T21:17:27+00:00\" \/>\n<meta name=\"twitter:card\" content=\"summary_large_image\" \/>\n<meta name=\"twitter:site\" content=\"@sosmeditate\" \/>\n<meta name=\"twitter:label1\" content=\"Dur\u00e9e de lecture estim\u00e9e\" \/>\n\t<meta name=\"twitter:data1\" content=\"2 minutes\" \/>\n<script type=\"application\/ld+json\" class=\"yoast-schema-graph\">{\"@context\":\"https:\/\/schema.org\",\"@graph\":[{\"@type\":\"WebPage\",\"@id\":\"https:\/\/www.sos.org\/fr\/articles\/\",\"url\":\"https:\/\/www.sos.org\/fr\/articles\/\",\"name\":\"Articles | Spirituality | Benefits of Meditation | Vegetarian Lifestyle |Finding Happiness & Peace\",\"isPartOf\":{\"@id\":\"https:\/\/www.sos.org\/fr\/#website\"},\"datePublished\":\"2018-08-04T12:28:46+00:00\",\"dateModified\":\"2020-11-28T21:17:27+00:00\",\"description\":\"Articles about,spirituality,meditation & its benefits,vegetarian lifestyle,finding happiness & peace,how to control anger,finding our true purpose,letting go,finding good in everything & many more relvant topics\",\"breadcrumb\":{\"@id\":\"https:\/\/www.sos.org\/fr\/articles\/#breadcrumb\"},\"inLanguage\":\"fr-FR\",\"potentialAction\":[{\"@type\":\"ReadAction\",\"target\":[\"https:\/\/www.sos.org\/fr\/articles\/\"]}]},{\"@type\":\"BreadcrumbList\",\"@id\":\"https:\/\/www.sos.org\/fr\/articles\/#breadcrumb\",\"itemListElement\":[{\"@type\":\"ListItem\",\"position\":1,\"name\":\"Home\",\"item\":\"https:\/\/www.sos.org\/fr\/\"},{\"@type\":\"ListItem\",\"position\":2,\"name\":\"Articles\"}]},{\"@type\":\"WebSite\",\"@id\":\"https:\/\/www.sos.org\/fr\/#website\",\"url\":\"https:\/\/www.sos.org\/fr\/\",\"name\":\"Science of Spirituality\",\"description\":\"SOS\",\"publisher\":{\"@id\":\"https:\/\/www.sos.org\/fr\/#organization\"},\"potentialAction\":[{\"@type\":\"SearchAction\",\"target\":{\"@type\":\"EntryPoint\",\"urlTemplate\":\"https:\/\/www.sos.org\/fr\/?s={search_term_string}\"},\"query-input\":{\"@type\":\"PropertyValueSpecification\",\"valueRequired\":true,\"valueName\":\"search_term_string\"}}],\"inLanguage\":\"fr-FR\"},{\"@type\":\"Organization\",\"@id\":\"https:\/\/www.sos.org\/fr\/#organization\",\"name\":\"Science of Sprituality\",\"url\":\"https:\/\/www.sos.org\/fr\/\",\"logo\":{\"@type\":\"ImageObject\",\"inLanguage\":\"fr-FR\",\"@id\":\"https:\/\/www.sos.org\/fr\/#\/schema\/logo\/image\/\",\"url\":\"https:\/\/www.sos.org\/wp-content\/uploads\/2020\/01\/sos_logo.png\",\"contentUrl\":\"https:\/\/www.sos.org\/wp-content\/uploads\/2020\/01\/sos_logo.png\",\"width\":153,\"height\":109,\"caption\":\"Science of Sprituality\"},\"image\":{\"@id\":\"https:\/\/www.sos.org\/fr\/#\/schema\/logo\/image\/\"},\"sameAs\":[\"https:\/\/www.facebook.com\/SOS.Global\/\",\"https:\/\/x.com\/sosmeditate\",\"https:\/\/www.instagram.com\/science.of.spirituality\/\",\"https:\/\/www.youtube.com\/c\/SantRajinderSinghJiMaharaj\",\"https:\/\/en.wikipedia.org\/wiki\/Science_of_Spirituality\"]}]}<\/script>\n<!-- \/ Yoast SEO plugin. -->","yoast_head_json":{"title":"Articles | Spirituality | Benefits of Meditation | Vegetarian Lifestyle |Finding Happiness & Peace","description":"Articles about,spirituality,meditation & its benefits,vegetarian lifestyle,finding happiness & peace,how to control anger,finding our true purpose,letting go,finding good in everything & many more relvant topics","robots":{"index":"index","follow":"follow","max-snippet":"max-snippet:-1","max-image-preview":"max-image-preview:large","max-video-preview":"max-video-preview:-1"},"canonical":"https:\/\/www.sos.org\/fr\/articles\/","og_locale":"fr_FR","og_type":"article","og_title":"Articles | Spirituality | Benefits of Meditation | Vegetarian Lifestyle |Finding Happiness & Peace","og_description":"Articles about,spirituality,meditation & its benefits,vegetarian lifestyle,finding happiness & peace,how to control anger,finding our true purpose,letting go,finding good in everything & many more relvant topics","og_url":"https:\/\/www.sos.org\/fr\/articles\/","og_site_name":"Science of Spirituality","article_publisher":"https:\/\/www.facebook.com\/SOS.Global\/","article_modified_time":"2020-11-28T21:17:27+00:00","twitter_card":"summary_large_image","twitter_site":"@sosmeditate","twitter_misc":{"Dur\u00e9e de lecture estim\u00e9e":"2 minutes"},"schema":{"@context":"https:\/\/schema.org","@graph":[{"@type":"WebPage","@id":"https:\/\/www.sos.org\/fr\/articles\/","url":"https:\/\/www.sos.org\/fr\/articles\/","name":"Articles | Spirituality | Benefits of Meditation | Vegetarian Lifestyle |Finding Happiness & Peace","isPartOf":{"@id":"https:\/\/www.sos.org\/fr\/#website"},"datePublished":"2018-08-04T12:28:46+00:00","dateModified":"2020-11-28T21:17:27+00:00","description":"Articles about,spirituality,meditation & its benefits,vegetarian lifestyle,finding happiness & peace,how to control anger,finding our true purpose,letting go,finding good in everything & many more relvant topics","breadcrumb":{"@id":"https:\/\/www.sos.org\/fr\/articles\/#breadcrumb"},"inLanguage":"fr-FR","potentialAction":[{"@type":"ReadAction","target":["https:\/\/www.sos.org\/fr\/articles\/"]}]},{"@type":"BreadcrumbList","@id":"https:\/\/www.sos.org\/fr\/articles\/#breadcrumb","itemListElement":[{"@type":"ListItem","position":1,"name":"Home","item":"https:\/\/www.sos.org\/fr\/"},{"@type":"ListItem","position":2,"name":"Articles"}]},{"@type":"WebSite","@id":"https:\/\/www.sos.org\/fr\/#website","url":"https:\/\/www.sos.org\/fr\/","name":"Science of Spirituality","description":"SOS","publisher":{"@id":"https:\/\/www.sos.org\/fr\/#organization"},"potentialAction":[{"@type":"SearchAction","target":{"@type":"EntryPoint","urlTemplate":"https:\/\/www.sos.org\/fr\/?s={search_term_string}"},"query-input":{"@type":"PropertyValueSpecification","valueRequired":true,"valueName":"search_term_string"}}],"inLanguage":"fr-FR"},{"@type":"Organization","@id":"https:\/\/www.sos.org\/fr\/#organization","name":"Science of Sprituality","url":"https:\/\/www.sos.org\/fr\/","logo":{"@type":"ImageObject","inLanguage":"fr-FR","@id":"https:\/\/www.sos.org\/fr\/#\/schema\/logo\/image\/","url":"https:\/\/www.sos.org\/wp-content\/uploads\/2020\/01\/sos_logo.png","contentUrl":"https:\/\/www.sos.org\/wp-content\/uploads\/2020\/01\/sos_logo.png","width":153,"height":109,"caption":"Science of Sprituality"},"image":{"@id":"https:\/\/www.sos.org\/fr\/#\/schema\/logo\/image\/"},"sameAs":["https:\/\/www.facebook.com\/SOS.Global\/","https:\/\/x.com\/sosmeditate","https:\/\/www.instagram.com\/science.of.spirituality\/","https:\/\/www.youtube.com\/c\/SantRajinderSinghJiMaharaj","https:\/\/en.wikipedia.org\/wiki\/Science_of_Spirituality"]}]}},"_links":{"self":[{"href":"https:\/\/www.sos.org\/fr\/wp-json\/wp\/v2\/pages\/3664","targetHints":{"allow":["GET"]}}],"collection":[{"href":"https:\/\/www.sos.org\/fr\/wp-json\/wp\/v2\/pages"}],"about":[{"href":"https:\/\/www.sos.org\/fr\/wp-json\/wp\/v2\/types\/page"}],"author":[{"embeddable":true,"href":"https:\/\/www.sos.org\/fr\/wp-json\/wp\/v2\/users\/1"}],"replies":[{"embeddable":true,"href":"https:\/\/www.sos.org\/fr\/wp-json\/wp\/v2\/comments?post=3664"}],"version-history":[{"count":4,"href":"https:\/\/www.sos.org\/fr\/wp-json\/wp\/v2\/pages\/3664\/revisions"}],"predecessor-version":[{"id":45667,"href":"https:\/\/www.sos.org\/fr\/wp-json\/wp\/v2\/pages\/3664\/revisions\/45667"}],"wp:attachment":[{"href":"https:\/\/www.sos.org\/fr\/wp-json\/wp\/v2\/media?parent=3664"}],"wp:term":[{"taxonomy":"folder","embeddable":true,"href":"https:\/\/www.sos.org\/fr\/wp-json\/wp\/v2\/folder?post=3664"}],"curies":[{"name":"wp","href":"https:\/\/api.w.org\/{rel}","templated":true}]}}