{"id":3685,"date":"2018-06-30T02:37:25","date_gmt":"2018-06-30T07:37:25","guid":{"rendered":"https:\/\/www.sos.org\/introductory-material-postal-mail\/"},"modified":"2018-12-30T14:10:50","modified_gmt":"2018-12-30T14:10:50","slug":"introductory-material-postal-mail","status":"publish","type":"page","link":"https:\/\/www.sos.org\/fr\/introductory-material-postal-mail\/","title":{"rendered":"Introductory Material Postal Mail"},"content":{"rendered":"<p>[et_pb_section bb_built=\u00a0\u00bb1&Prime; _builder_version=\u00a0\u00bb3.10.1&Prime; custom_padding=\u00a0\u00bb54px|0|54px|0px|false|false\u00a0\u00bb next_background_color=\u00a0\u00bb#ffffff\u00a0\u00bb background_color=\u00a0\u00bb#e8e4d4&Prime; background_image=\u00a0\u00bbhttps:\/\/www.sos.org\/wp-content\/uploads\/2018\/07\/connect-world-bg-pattern.png\u00a0\u00bb parallax=\u00a0\u00bbon\u00a0\u00bb parallax_method=\u00a0\u00bboff\u00a0\u00bb][et_pb_row custom_padding=\u00a0\u00bb0|0px|0|0px|false|false\u00a0\u00bb _builder_version=\u00a0\u00bb3.9&Prime;][et_pb_column type=\u00a0\u00bb4_4&Prime;][et_pb_blurb admin_label=\u00a0\u00bbGo Back\u00a0\u00bb title=\u00a0\u00bbRetourner\u00a0\u00bb url=\u00a0\u00bb\/contact-us\/\u00a0\u00bb image=\u00a0\u00bbhttps:\/\/www.sos.org\/wp-content\/uploads\/2018\/06\/back_arrow.png\u00a0\u00bb icon_placement=\u00a0\u00bbleft\u00a0\u00bb module_class=\u00a0\u00bbvertical-align-blurb\u00a0\u00bb _builder_version=\u00a0\u00bb3.9&Prime; header_text_align=\u00a0\u00bbleft\u00a0\u00bb custom_css_main_element=\u00a0\u00bbfloat: left;\u00a0\u00bb \/][\/et_pb_column][\/et_pb_row][et_pb_row _builder_version=\u00a0\u00bb3.0.48&Prime; background_size=\u00a0\u00bbinitial\u00a0\u00bb background_position=\u00a0\u00bbtop_left\u00a0\u00bb background_repeat=\u00a0\u00bbrepeat\u00a0\u00bb][et_pb_column type=\u00a0\u00bb4_4&Prime;][et_pb_text admin_label=\u00a0\u00bbPage Title\u00a0\u00bb module_class=\u00a0\u00bbpage-title\u00a0\u00bb _builder_version=\u00a0\u00bb3.10.1&Prime;]<\/p>\n<h1 class=\"sos-uj-page-title\">Recevoir le mat\u00e9riel d\u2019introduction<\/h1>\n<p>[\/et_pb_text][\/et_pb_column][\/et_pb_row][et_pb_row _builder_version=\u00a0\u00bb3.0.48&Prime; background_size=\u00a0\u00bbinitial\u00a0\u00bb background_position=\u00a0\u00bbtop_left\u00a0\u00bb background_repeat=\u00a0\u00bbrepeat\u00a0\u00bb][et_pb_column type=\u00a0\u00bb4_4&Prime;][et_pb_contact_form captcha=\u00a0\u00bboff\u00a0\u00bb email=\u00a0\u00bbcomments@sos.org\u00a0\u00bb submit_button_text=\u00a0\u00bbSubmit\u00a0\u00bb module_id=\u00a0\u00bbet_pb_contact_form_0&Prime; _builder_version=\u00a0\u00bb3.10.1&Prime; button_icon=\u00a0\u00bb%%1%%\u00a0\u00bb button_icon_placement=\u00a0\u00bbleft\u00a0\u00bb max_width=\u00a0\u00bb80%\u00a0\u00bb module_alignment=\u00a0\u00bbcenter\u00a0\u00bb custom_padding=\u00a0\u00bb|||0px\u00a0\u00bb][et_pb_contact_field field_id=\u00a0\u00bbName\u00a0\u00bb field_title=\u00a0\u00bb*Prenom\u00a0\u00bb field_background_color=\u00a0\u00bbrgba(0,0,0,0)\u00a0\u00bb _builder_version=\u00a0\u00bb3.9&Prime; border_color_all=\u00a0\u00bb#978743&Prime; border_width_bottom=\u00a0\u00bb1px\u00a0\u00bb max_width_tablet=\u00a0\u00bb100%\u00a0\u00bb max_width_phone=\u00a0\u00bb100%\u00a0\u00bb][\/et_pb_contact_field][et_pb_contact_field field_id=\u00a0\u00bbLast\u00a0\u00bb field_title=\u00a0\u00bb*Nom\u00a0\u00bb field_background_color=\u00a0\u00bbrgba(0,0,0,0)\u00a0\u00bb _builder_version=\u00a0\u00bb3.9&Prime; border_color_all=\u00a0\u00bb#978743&Prime; border_width_bottom=\u00a0\u00bb1px\u00a0\u00bb max_width_tablet=\u00a0\u00bb100%\u00a0\u00bb max_width_phone=\u00a0\u00bb100%\u00a0\u00bb][\/et_pb_contact_field][et_pb_contact_field field_id=\u00a0\u00bbEmail\u00a0\u00bb field_title=\u00a0\u00bb*Email\u00a0\u00bb fullwidth_field=\u00a0\u00bbon\u00a0\u00bb field_background_color=\u00a0\u00bbrgba(0,0,0,0)\u00a0\u00bb _builder_version=\u00a0\u00bb3.9&Prime; border_color_all=\u00a0\u00bb#978743&Prime; border_width_bottom=\u00a0\u00bb1px\u00a0\u00bb max_width=\u00a0\u00bb50%\u00a0\u00bb max_width_tablet=\u00a0\u00bb100%\u00a0\u00bb max_width_phone=\u00a0\u00bb100%\u00a0\u00bb][\/et_pb_contact_field][et_pb_contact_field field_id=\u00a0\u00bbAddress1&Prime; field_title=\u00a0\u00bbAdresse 1&Prime; required_mark=\u00a0\u00bboff\u00a0\u00bb field_background_color=\u00a0\u00bbrgba(0,0,0,0)\u00a0\u00bb _builder_version=\u00a0\u00bb3.9&Prime; border_color_all=\u00a0\u00bb#978743&Prime; border_width_bottom=\u00a0\u00bb1px\u00a0\u00bb max_width_tablet=\u00a0\u00bb100%\u00a0\u00bb max_width_phone=\u00a0\u00bb100%\u00a0\u00bb][\/et_pb_contact_field][et_pb_contact_field field_id=\u00a0\u00bbAddress2&Prime; field_title=\u00a0\u00bbAdresse 2&Prime; required_mark=\u00a0\u00bboff\u00a0\u00bb field_background_color=\u00a0\u00bbrgba(0,0,0,0)\u00a0\u00bb _builder_version=\u00a0\u00bb3.9&Prime; border_color_all=\u00a0\u00bb#978743&Prime; border_width_bottom=\u00a0\u00bb1px\u00a0\u00bb max_width_tablet=\u00a0\u00bb100%\u00a0\u00bb max_width_phone=\u00a0\u00bb100%\u00a0\u00bb][\/et_pb_contact_field][et_pb_contact_field field_id=\u00a0\u00bbCity\u00a0\u00bb field_title=\u00a0\u00bbVille\u00a0\u00bb required_mark=\u00a0\u00bboff\u00a0\u00bb field_background_color=\u00a0\u00bbrgba(0,0,0,0)\u00a0\u00bb _builder_version=\u00a0\u00bb3.9&Prime; border_color_all=\u00a0\u00bb#978743&Prime; border_width_bottom=\u00a0\u00bb1px\u00a0\u00bb max_width_tablet=\u00a0\u00bb100%\u00a0\u00bb max_width_phone=\u00a0\u00bb100%\u00a0\u00bb][\/et_pb_contact_field][et_pb_contact_field field_id=\u00a0\u00bbStateProvince\u00a0\u00bb field_title=\u00a0\u00bbEtat\/Province\u00a0\u00bb required_mark=\u00a0\u00bboff\u00a0\u00bb field_background_color=\u00a0\u00bbrgba(0,0,0,0)\u00a0\u00bb _builder_version=\u00a0\u00bb3.9&Prime; border_color_all=\u00a0\u00bb#978743&Prime; border_width_bottom=\u00a0\u00bb1px\u00a0\u00bb max_width_tablet=\u00a0\u00bb100%\u00a0\u00bb max_width_phone=\u00a0\u00bb100%\u00a0\u00bb][\/et_pb_contact_field][et_pb_contact_field field_id=\u00a0\u00bbPostalCode\u00a0\u00bb field_title=\u00a0\u00bbCode postal\u00a0\u00bb required_mark=\u00a0\u00bboff\u00a0\u00bb field_background_color=\u00a0\u00bbrgba(0,0,0,0)\u00a0\u00bb _builder_version=\u00a0\u00bb3.9&Prime; border_color_all=\u00a0\u00bb#978743&Prime; border_width_bottom=\u00a0\u00bb1px\u00a0\u00bb max_width_tablet=\u00a0\u00bb100%\u00a0\u00bb max_width_phone=\u00a0\u00bb100%\u00a0\u00bb][\/et_pb_contact_field][et_pb_contact_field field_id=\u00a0\u00bbCountry\u00a0\u00bb field_title=\u00a0\u00bb*Pays\u00a0\u00bb field_background_color=\u00a0\u00bbrgba(0,0,0,0)\u00a0\u00bb _builder_version=\u00a0\u00bb3.9&Prime; border_color_all=\u00a0\u00bb#978743&Prime; border_width_bottom=\u00a0\u00bb1px\u00a0\u00bb][\/et_pb_contact_field][et_pb_contact_field field_id=\u00a0\u00bbAdd_to_Mailing_List\u00a0\u00bb field_title=\u00a0\u00bbJe confirme que j\u2019ai aumoins 18 ans et accepte de recevoir des appels, des messages textes et des emails de la Science de la Spiritualit\u00e9 concernant des \u00e9v\u00e8nements et des.\u00a0\u00bb field_type=\u00a0\u00bbcheckbox\u00a0\u00bb checkbox_options=\u00a0\u00bb%91{%22value%22:%22Add me to your mailing list%22,%22checked%22:0}%93&Prime; required_mark=\u00a0\u00bboff\u00a0\u00bb fullwidth_field=\u00a0\u00bbon\u00a0\u00bb _builder_version=\u00a0\u00bb3.9&Prime; max_width_tablet=\u00a0\u00bb100%\u00a0\u00bb max_width_phone=\u00a0\u00bb100%\u00a0\u00bb][\/et_pb_contact_field][\/et_pb_contact_form][\/et_pb_column][\/et_pb_row][et_pb_row use_custom_width=\u00a0\u00bbon\u00a0\u00bb width_unit=\u00a0\u00bboff\u00a0\u00bb custom_width_percent=\u00a0\u00bb60%\u00a0\u00bb _builder_version=\u00a0\u00bb3.9&Prime;][et_pb_column type=\u00a0\u00bb4_4&Prime;][et_pb_text _builder_version=\u00a0\u00bb3.10.1&Prime;]<\/p>\n<p>La Science de la spiritualit\u00e9 ne partage ni ne vend vos informations personnelles. Vous pouvez vous d\u00e9sinscrire \u00e0 tout moment. Pour consulter notre politique priv\u00e9e, <a href=\"\/fr\/privacy-policy\">cliquez ici.<\/a><\/p>\n<p>[\/et_pb_text][\/et_pb_column][\/et_pb_row][\/et_pb_section][et_pb_section bb_built=\u00a0\u00bb1&Prime; module_class=\u00a0\u00bbsos-marble-bg\u00a0\u00bb _builder_version=\u00a0\u00bb3.10.1&Prime; custom_padding=\u00a0\u00bb0|0px|0|0px|false|false\u00a0\u00bb prev_background_color=\u00a0\u00bb#e8e4d4&Prime; next_background_color=\u00a0\u00bb#f1d575&Prime; global_module=\u00a0\u00bb2633&Prime;][et_pb_row global_parent=\u00a0\u00bb2633&Prime; make_fullwidth=\u00a0\u00bbon\u00a0\u00bb use_custom_gutter=\u00a0\u00bbon\u00a0\u00bb gutter_width=\u00a0\u00bb2&Prime; _builder_version=\u00a0\u00bb3.10.1&Prime;][et_pb_column type=\u00a0\u00bb1_2&Prime;][et_pb_text global_parent=\u00a0\u00bb2633&Prime; _builder_version=\u00a0\u00bb3.10.1&Prime; background_image=\u00a0\u00bbhttps:\/\/www.sos.org\/wp-content\/uploads\/2018\/07\/SOS-design-v2-updates-16.png\u00a0\u00bb custom_padding=\u00a0\u00bb34px|34px|34px|34px\u00a0\u00bb box_shadow_style=\u00a0\u00bbpreset2&Prime;]<\/p>\n<p><span class=\"contact-address-headquarter\">Le centre de m\u00e9ditation international<\/span><\/p>\n<p><span class=\"contact-address-title\"> La science de la spiritualit\u00e9 <\/span><\/p>\n<p><span class=\"contact-address-body\">4105 Naperville Road, Lisle,<br \/>Illinois 60532, USA<\/span><span class=\"contact-address-body\"><br \/>T\u00e9lephone: 630.955.1200<br \/>fax: 630.955.1205<br \/>email: contact@sos.org<br \/><\/span><\/p>\n<p>[\/et_pb_text][\/et_pb_column][et_pb_column type=\u00a0\u00bb1_2&Prime;][et_pb_text global_parent=\u00a0\u00bb2633&Prime; _builder_version=\u00a0\u00bb3.10.1&Prime; background_image=\u00a0\u00bbhttps:\/\/www.sos.org\/wp-content\/uploads\/2018\/07\/connect-india-location-bg-1.jpg\u00a0\u00bb custom_padding=\u00a0\u00bb34px|34px|34px|34px\u00a0\u00bb box_shadow_style=\u00a0\u00bbpreset2&Prime;]<\/p>\n<p><span class=\"contact-address-headquarter\">Le si\u00e8ge social en Inde<br \/>&nbsp;<\/span><\/p>\n<p><span class=\"contact-address-title\"> Sawan Kirpal Ruhani Mission<\/span><\/p>\n<p><span class=\"contact-address-body\">Kirpal Ashram, Sant Kirpal Singh Marg,<br \/>Vijay Nagar, Delhi 110009 India<\/span><span class=\"contact-address-body\"><br \/>T\u00e9lephone: +91 11 27117100<br \/>fax: +91 11 27214040<br \/>email: gsskrm@sos.org<br \/><\/span><\/p>\n<p>[\/et_pb_text][\/et_pb_column][\/et_pb_row][\/et_pb_section][et_pb_section bb_built=\u00a0\u00bb1&Prime; disabled_on=\u00a0\u00bbon|off|off\u00a0\u00bb _builder_version=\u00a0\u00bb3.10&Prime; background_color=\u00a0\u00bb#f1d575&Prime; custom_padding=\u00a0\u00bb35px|0px|35px|0px|false|false\u00a0\u00bb saved_tabs=\u00a0\u00bball\u00a0\u00bb background_image=\u00a0\u00bbhttps:\/\/www.sos.org\/wp-content\/uploads\/2018\/07\/footer-08.jpg\u00a0\u00bb prev_background_color=\u00a0\u00bb#ffffff\u00a0\u00bb global_module=\u00a0\u00bb403&Prime;][et_pb_row global_parent=\u00a0\u00bb403&Prime; make_equal=\u00a0\u00bbon\u00a0\u00bb module_class=\u00a0\u00bbsos-expanded-footer\u00a0\u00bb _builder_version=\u00a0\u00bb3.9&Prime;][et_pb_column type=\u00a0\u00bb1_4&Prime;][et_pb_text admin_label=\u00a0\u00bbMeditation\u00a0\u00bb global_parent=\u00a0\u00bb403&Prime; _builder_version=\u00a0\u00bb3.10.1&Prime; text_font=\u00a0\u00bbNunito|600|||||||\u00a0\u00bb text_text_color=\u00a0\u00bb#968743&Prime; text_font_size=\u00a0\u00bb13px\u00a0\u00bb header_font=\u00a0\u00bbNunito||||||||\u00a0\u00bb header_5_font=\u00a0\u00bbNunito|600|||||||\u00a0\u00bb header_6_font=\u00a0\u00bbNunito|600|||||||\u00a0\u00bb]<\/p>\n<h3>M\u00e9ditation<\/h3>\n<p><a title=\"Spiritual Growth\" href=\"https:\/\/www.sos.org\/fr\/spiritual-growth\/\">Le D\u00e9veloppement spirituel<\/a><\/p>\n<p><a title=\"Benefits of a Spiritual Guide\" href=\"https:\/\/www.sos.org\/fr\/spiritual-guide\/\">Les bienfaits d\u2019un guide spirituel<\/a><\/p>\n<p><a title=\"Health Benefits\" href=\"https:\/\/www.sos.org\/fr\/benefits-of-meditation-2\/\">Les bienfaits pour la sant\u00e9<\/a><\/p>\n<p><a title=\"Healthy Living\" href=\"https:\/\/www.sos.org\/fr\/vegetarian-diet-and-vegetarian-meals\/\">Vivre en bonne sant\u00e9<\/a><\/p>\n<p>[\/et_pb_text][\/et_pb_column][et_pb_column type=\u00a0\u00bb1_4&Prime;][et_pb_text admin_label=\u00a0\u00bbAbout Us\u00a0\u00bb global_parent=\u00a0\u00bb403&Prime; _builder_version=\u00a0\u00bb3.10.1&Prime; text_font=\u00a0\u00bbNunito|600|||||||\u00a0\u00bb text_text_color=\u00a0\u00bb#968743&Prime; text_font_size=\u00a0\u00bb17px\u00a0\u00bb header_font=\u00a0\u00bbNunito||||||||\u00a0\u00bb header_5_font=\u00a0\u00bbNunito|600|||||||\u00a0\u00bb header_6_font=\u00a0\u00bbNunito|600|||||||\u00a0\u00bb custom_margin=\u00a0\u00bb|||\u00a0\u00bb]<\/p>\n<h3>A propos de nous<\/h3>\n<p><a title=\"Notre organisation\" href=\"https:\/\/www.sos.org\/fr\/about-us\/\">Notre organisation<\/a><\/p>\n<p><a title=\"Centre de m\u00e9ditation international\" href=\"https:\/\/www.sos.org\/fr\/western-headquarters\/\">Centre de m\u00e9ditation international<\/a><\/p>\n<p>[\/et_pb_text][\/et_pb_column][et_pb_column type=\u00a0\u00bb1_4&Prime;][et_pb_text admin_label=\u00a0\u00bbExplore\u00a0\u00bb global_parent=\u00a0\u00bb403&Prime; _builder_version=\u00a0\u00bb3.10.1&Prime; text_font=\u00a0\u00bbNunito|600|||||||\u00a0\u00bb text_text_color=\u00a0\u00bb#968743&Prime; text_font_size=\u00a0\u00bb17px\u00a0\u00bb header_font=\u00a0\u00bbNunito||||||||\u00a0\u00bb header_5_font=\u00a0\u00bbNunito|600|||||||\u00a0\u00bb header_6_font=\u00a0\u00bbNunito|600|||||||\u00a0\u00bb]<\/p>\n<h3>Explorer<\/h3>\n<p><a title=\"Articles\" href=\"\/fr\/articles\/\">Les articles<\/a><\/p>\n<p><a title=\"Videos\" href=\"\/fr\/videos\/\">Les vid\u00e9os<\/a><\/p>\n<p>[\/et_pb_text][\/et_pb_column][et_pb_column type=\u00a0\u00bb1_4&Prime;][et_pb_text admin_label=\u00a0\u00bbMore\u00a0\u00bb global_parent=\u00a0\u00bb403&Prime; _builder_version=\u00a0\u00bb3.10.1&Prime; text_font=\u00a0\u00bbNunito|600|||||||\u00a0\u00bb text_text_color=\u00a0\u00bb#968743&Prime; text_font_size=\u00a0\u00bb17px\u00a0\u00bb header_font=\u00a0\u00bbNunito||||||||\u00a0\u00bb header_5_font=\u00a0\u00bbNunito|600|||||||\u00a0\u00bb header_6_font=\u00a0\u00bbNunito|600|||||||\u00a0\u00bb]<\/p>\n<h3>Suite<\/h3>\n<p><a title=\"Guide spirituel\" href=\"https:\/\/www.sos.org\/fr\/spiritual-guide\/\">Guide spirituel<\/a><\/p>\n<p><a title=\"Trouver des programmes\" href=\"\/fr\/find-programs\/\">Trouver des programmes<\/a><\/p>\n<p><a title=\"Se connecter \" href=\"\/fr\/contact-us\/\">Se connecter <\/a><\/p>\n<p><a title=\"Politique de confidentialit\u00e9\" href=\"\/fr\/privacy-policy\/\">Politique de confidentialit\u00e9<\/a><\/p>\n<p>[\/et_pb_text][\/et_pb_column][\/et_pb_row][\/et_pb_section]<\/p>\n","protected":false},"excerpt":{"rendered":"<p>Recevoir le mat\u00e9riel d\u2019introduction La Science de la spiritualit\u00e9 ne partage ni ne vend vos informations personnelles. Vous pouvez vous d\u00e9sinscrire \u00e0 tout moment. Pour consulter notre politique priv\u00e9e, cliquez ici. Le centre de m\u00e9ditation international La science de la spiritualit\u00e9 4105 Naperville Road, Lisle,Illinois 60532, USAT\u00e9lephone: 630.955.1200fax: 630.955.1205email: contact@sos.org Le si\u00e8ge social en Inde&nbsp; [&hellip;]<\/p>\n","protected":false},"author":1,"featured_media":0,"parent":0,"menu_order":0,"comment_status":"closed","ping_status":"closed","template":"","meta":{"_acf_changed":false,"_et_pb_use_builder":"on","_et_pb_old_content":"","_et_gb_content_width":"","footnotes":""},"folder":[],"class_list":["post-3685","page","type-page","status-publish","hentry"],"acf":[],"yoast_head":"<!-- This site is optimized with the Yoast SEO plugin v27.0 - https:\/\/yoast.com\/product\/yoast-seo-wordpress\/ -->\n<title>Introductory Material Postal Mail | Science of Spirituality<\/title>\n<meta name=\"robots\" content=\"index, follow, max-snippet:-1, max-image-preview:large, max-video-preview:-1\" \/>\n<link rel=\"canonical\" href=\"https:\/\/www.sos.org\/fr\/introductory-material-postal-mail\/\" \/>\n<meta property=\"og:locale\" content=\"fr_FR\" \/>\n<meta property=\"og:type\" content=\"article\" \/>\n<meta property=\"og:title\" content=\"Introductory Material Postal Mail | Science of Spirituality\" \/>\n<meta property=\"og:description\" content=\"Recevoir le mat\u00e9riel d\u2019introduction La Science de la spiritualit\u00e9 ne partage ni ne vend vos informations personnelles. Vous pouvez vous d\u00e9sinscrire \u00e0 tout moment. Pour consulter notre politique priv\u00e9e, cliquez ici. Le centre de m\u00e9ditation international La science de la spiritualit\u00e9 4105 Naperville Road, Lisle,Illinois 60532, USAT\u00e9lephone: 630.955.1200fax: 630.955.1205email: contact@sos.org Le si\u00e8ge social en Inde&nbsp; [&hellip;]\" \/>\n<meta property=\"og:url\" content=\"https:\/\/www.sos.org\/fr\/introductory-material-postal-mail\/\" \/>\n<meta property=\"og:site_name\" content=\"Science of Spirituality\" \/>\n<meta property=\"article:publisher\" content=\"https:\/\/www.facebook.com\/SOS.Global\/\" \/>\n<meta property=\"article:modified_time\" content=\"2018-12-30T14:10:50+00:00\" \/>\n<meta name=\"twitter:card\" content=\"summary_large_image\" \/>\n<meta name=\"twitter:site\" content=\"@sosmeditate\" \/>\n<meta name=\"twitter:label1\" content=\"Dur\u00e9e de lecture estim\u00e9e\" \/>\n\t<meta name=\"twitter:data1\" content=\"6 minutes\" \/>\n<script type=\"application\/ld+json\" class=\"yoast-schema-graph\">{\"@context\":\"https:\/\/schema.org\",\"@graph\":[{\"@type\":\"WebPage\",\"@id\":\"https:\/\/www.sos.org\/fr\/introductory-material-postal-mail\/\",\"url\":\"https:\/\/www.sos.org\/fr\/introductory-material-postal-mail\/\",\"name\":\"Introductory Material Postal Mail | Science of Spirituality\",\"isPartOf\":{\"@id\":\"https:\/\/www.sos.org\/fr\/#website\"},\"datePublished\":\"2018-06-30T07:37:25+00:00\",\"dateModified\":\"2018-12-30T14:10:50+00:00\",\"breadcrumb\":{\"@id\":\"https:\/\/www.sos.org\/fr\/introductory-material-postal-mail\/#breadcrumb\"},\"inLanguage\":\"fr-FR\",\"potentialAction\":[{\"@type\":\"ReadAction\",\"target\":[\"https:\/\/www.sos.org\/fr\/introductory-material-postal-mail\/\"]}]},{\"@type\":\"BreadcrumbList\",\"@id\":\"https:\/\/www.sos.org\/fr\/introductory-material-postal-mail\/#breadcrumb\",\"itemListElement\":[{\"@type\":\"ListItem\",\"position\":1,\"name\":\"Home\",\"item\":\"https:\/\/www.sos.org\/fr\/\"},{\"@type\":\"ListItem\",\"position\":2,\"name\":\"Introductory Material Postal Mail\"}]},{\"@type\":\"WebSite\",\"@id\":\"https:\/\/www.sos.org\/fr\/#website\",\"url\":\"https:\/\/www.sos.org\/fr\/\",\"name\":\"Science of Spirituality\",\"description\":\"SOS\",\"publisher\":{\"@id\":\"https:\/\/www.sos.org\/fr\/#organization\"},\"potentialAction\":[{\"@type\":\"SearchAction\",\"target\":{\"@type\":\"EntryPoint\",\"urlTemplate\":\"https:\/\/www.sos.org\/fr\/?s={search_term_string}\"},\"query-input\":{\"@type\":\"PropertyValueSpecification\",\"valueRequired\":true,\"valueName\":\"search_term_string\"}}],\"inLanguage\":\"fr-FR\"},{\"@type\":\"Organization\",\"@id\":\"https:\/\/www.sos.org\/fr\/#organization\",\"name\":\"Science of Sprituality\",\"url\":\"https:\/\/www.sos.org\/fr\/\",\"logo\":{\"@type\":\"ImageObject\",\"inLanguage\":\"fr-FR\",\"@id\":\"https:\/\/www.sos.org\/fr\/#\/schema\/logo\/image\/\",\"url\":\"https:\/\/www.sos.org\/wp-content\/uploads\/2020\/01\/sos_logo.png\",\"contentUrl\":\"https:\/\/www.sos.org\/wp-content\/uploads\/2020\/01\/sos_logo.png\",\"width\":153,\"height\":109,\"caption\":\"Science of Sprituality\"},\"image\":{\"@id\":\"https:\/\/www.sos.org\/fr\/#\/schema\/logo\/image\/\"},\"sameAs\":[\"https:\/\/www.facebook.com\/SOS.Global\/\",\"https:\/\/x.com\/sosmeditate\",\"https:\/\/www.instagram.com\/science.of.spirituality\/\",\"https:\/\/www.youtube.com\/c\/SantRajinderSinghJiMaharaj\",\"https:\/\/en.wikipedia.org\/wiki\/Science_of_Spirituality\"]}]}<\/script>\n<!-- \/ Yoast SEO plugin. -->","yoast_head_json":{"title":"Introductory Material Postal Mail | Science of Spirituality","robots":{"index":"index","follow":"follow","max-snippet":"max-snippet:-1","max-image-preview":"max-image-preview:large","max-video-preview":"max-video-preview:-1"},"canonical":"https:\/\/www.sos.org\/fr\/introductory-material-postal-mail\/","og_locale":"fr_FR","og_type":"article","og_title":"Introductory Material Postal Mail | Science of Spirituality","og_description":"Recevoir le mat\u00e9riel d\u2019introduction La Science de la spiritualit\u00e9 ne partage ni ne vend vos informations personnelles. Vous pouvez vous d\u00e9sinscrire \u00e0 tout moment. Pour consulter notre politique priv\u00e9e, cliquez ici. Le centre de m\u00e9ditation international La science de la spiritualit\u00e9 4105 Naperville Road, Lisle,Illinois 60532, USAT\u00e9lephone: 630.955.1200fax: 630.955.1205email: contact@sos.org Le si\u00e8ge social en Inde&nbsp; [&hellip;]","og_url":"https:\/\/www.sos.org\/fr\/introductory-material-postal-mail\/","og_site_name":"Science of Spirituality","article_publisher":"https:\/\/www.facebook.com\/SOS.Global\/","article_modified_time":"2018-12-30T14:10:50+00:00","twitter_card":"summary_large_image","twitter_site":"@sosmeditate","twitter_misc":{"Dur\u00e9e de lecture estim\u00e9e":"6 minutes"},"schema":{"@context":"https:\/\/schema.org","@graph":[{"@type":"WebPage","@id":"https:\/\/www.sos.org\/fr\/introductory-material-postal-mail\/","url":"https:\/\/www.sos.org\/fr\/introductory-material-postal-mail\/","name":"Introductory Material Postal Mail | Science of Spirituality","isPartOf":{"@id":"https:\/\/www.sos.org\/fr\/#website"},"datePublished":"2018-06-30T07:37:25+00:00","dateModified":"2018-12-30T14:10:50+00:00","breadcrumb":{"@id":"https:\/\/www.sos.org\/fr\/introductory-material-postal-mail\/#breadcrumb"},"inLanguage":"fr-FR","potentialAction":[{"@type":"ReadAction","target":["https:\/\/www.sos.org\/fr\/introductory-material-postal-mail\/"]}]},{"@type":"BreadcrumbList","@id":"https:\/\/www.sos.org\/fr\/introductory-material-postal-mail\/#breadcrumb","itemListElement":[{"@type":"ListItem","position":1,"name":"Home","item":"https:\/\/www.sos.org\/fr\/"},{"@type":"ListItem","position":2,"name":"Introductory Material Postal Mail"}]},{"@type":"WebSite","@id":"https:\/\/www.sos.org\/fr\/#website","url":"https:\/\/www.sos.org\/fr\/","name":"Science of Spirituality","description":"SOS","publisher":{"@id":"https:\/\/www.sos.org\/fr\/#organization"},"potentialAction":[{"@type":"SearchAction","target":{"@type":"EntryPoint","urlTemplate":"https:\/\/www.sos.org\/fr\/?s={search_term_string}"},"query-input":{"@type":"PropertyValueSpecification","valueRequired":true,"valueName":"search_term_string"}}],"inLanguage":"fr-FR"},{"@type":"Organization","@id":"https:\/\/www.sos.org\/fr\/#organization","name":"Science of Sprituality","url":"https:\/\/www.sos.org\/fr\/","logo":{"@type":"ImageObject","inLanguage":"fr-FR","@id":"https:\/\/www.sos.org\/fr\/#\/schema\/logo\/image\/","url":"https:\/\/www.sos.org\/wp-content\/uploads\/2020\/01\/sos_logo.png","contentUrl":"https:\/\/www.sos.org\/wp-content\/uploads\/2020\/01\/sos_logo.png","width":153,"height":109,"caption":"Science of Sprituality"},"image":{"@id":"https:\/\/www.sos.org\/fr\/#\/schema\/logo\/image\/"},"sameAs":["https:\/\/www.facebook.com\/SOS.Global\/","https:\/\/x.com\/sosmeditate","https:\/\/www.instagram.com\/science.of.spirituality\/","https:\/\/www.youtube.com\/c\/SantRajinderSinghJiMaharaj","https:\/\/en.wikipedia.org\/wiki\/Science_of_Spirituality"]}]}},"_links":{"self":[{"href":"https:\/\/www.sos.org\/fr\/wp-json\/wp\/v2\/pages\/3685","targetHints":{"allow":["GET"]}}],"collection":[{"href":"https:\/\/www.sos.org\/fr\/wp-json\/wp\/v2\/pages"}],"about":[{"href":"https:\/\/www.sos.org\/fr\/wp-json\/wp\/v2\/types\/page"}],"author":[{"embeddable":true,"href":"https:\/\/www.sos.org\/fr\/wp-json\/wp\/v2\/users\/1"}],"replies":[{"embeddable":true,"href":"https:\/\/www.sos.org\/fr\/wp-json\/wp\/v2\/comments?post=3685"}],"version-history":[{"count":4,"href":"https:\/\/www.sos.org\/fr\/wp-json\/wp\/v2\/pages\/3685\/revisions"}],"predecessor-version":[{"id":4058,"href":"https:\/\/www.sos.org\/fr\/wp-json\/wp\/v2\/pages\/3685\/revisions\/4058"}],"wp:attachment":[{"href":"https:\/\/www.sos.org\/fr\/wp-json\/wp\/v2\/media?parent=3685"}],"wp:term":[{"taxonomy":"folder","embeddable":true,"href":"https:\/\/www.sos.org\/fr\/wp-json\/wp\/v2\/folder?post=3685"}],"curies":[{"name":"wp","href":"https:\/\/api.w.org\/{rel}","templated":true}]}}